{"id":88,"date":"2025-10-19T11:04:46","date_gmt":"2025-10-19T11:04:46","guid":{"rendered":"https:\/\/prositestudio.de\/?page_id=88"},"modified":"2025-10-25T12:07:30","modified_gmt":"2025-10-25T12:07:30","slug":"dienstleistungen","status":"publish","type":"page","link":"https:\/\/prositestudio.de\/home\/dienstleistungen","title":{"rendered":"Dienstleistungen"},"content":{"rendered":"\t\t<div data-elementor-type=\"wp-page\" data-elementor-id=\"88\" class=\"elementor elementor-88\" data-elementor-settings=\"{&quot;ha_cmc_init_switcher&quot;:&quot;no&quot;}\">\n\t\t\t\t<div class=\"elementor-element elementor-element-ca163db e-flex e-con-boxed e-con e-parent\" data-id=\"ca163db\" data-element_type=\"container\" data-settings=\"{&quot;_ha_eqh_enable&quot;:false}\">\n\t\t\t\t\t<div class=\"e-con-inner\">\n\t\t<div class=\"elementor-element elementor-element-50f1fd1 e-con-full e-flex e-con e-child\" data-id=\"50f1fd1\" data-element_type=\"container\" data-settings=\"{&quot;_ha_eqh_enable&quot;:false}\">\n\t\t\t\t<div class=\"elementor-element elementor-element-7d5b7e8 elementor-widget elementor-widget-heading\" data-id=\"7d5b7e8\" data-element_type=\"widget\" data-widget_type=\"heading.default\">\n\t\t\t\t\t<h2 class=\"elementor-heading-title elementor-size-default\">Website Entwicklung<\/h2>\t\t\t\t<\/div>\n\t\t<div class=\"elementor-element elementor-element-a73a583 e-con-full e-flex e-con e-child\" data-id=\"a73a583\" data-element_type=\"container\" data-settings=\"{&quot;_ha_eqh_enable&quot;:false}\">\n\t\t\t\t<div class=\"elementor-element elementor-element-b38e57e elementor-widget elementor-widget-text-editor\" data-id=\"b38e57e\" data-element_type=\"widget\" data-widget_type=\"text-editor.default\">\n\t\t\t\t\t\t\t\t\t<section id=\"comp-mfguovqc\" class=\"xuzjBY comp-mfguovqc-container comp-mfguovqc wixui-section undefined Gzsk0j\" tabindex=\"-1\" data-block-level-container=\"Section\" data-testid=\"section-container\" aria-label=\"main content\"><div id=\"comp-mfguovqh\" class=\"PiVxGu MDrwHQ comp-mfguovqh wixui-box\" dir=\"ltr\" role=\"\"><div class=\"comp-mfguovqh-container\" data-testid=\"responsive-container-content\"><div id=\"comp-mfguovqj2\" class=\"PiVxGu MDrwHQ comp-mfguovqj2-container comp-mfguovqj2 wixui-box\" dir=\"ltr\" role=\"\"><div id=\"comp-mfguovqo\" class=\"Z_l5lU ku3DBC zQ9jDz qvSjx3 Vq6kJx comp-mfguovqo wixui-rich-text\" data-testid=\"richTextElement\"><p class=\"font_8 wixui-rich-text__text\">Unsere Agentur erstellt ma\u00dfgeschneiderte Websites f\u00fcr Unternehmen, um ihre Online-Pr\u00e4senz zu st\u00e4rken.<\/p><\/div><\/div><\/div><\/div><\/section><section id=\"comp-mglh9pk9\" class=\"xuzjBY comp-mglh9pk9 wixui-section Gzsk0j\" tabindex=\"-1\" data-block-level-container=\"Section\" data-testid=\"section-container\"><div id=\"bgLayers_comp-mglh9pk9\" class=\"MW5IWV\" data-hook=\"bgLayers\" data-motion-part=\"BG_LAYER comp-mglh9pk9\">\u00a0<\/div><\/section>\t\t\t\t\t\t\t\t<\/div>\n\t\t\t\t<\/div>\n\t\t\t\t<\/div>\n\t\t\t\t\t<\/div>\n\t\t\t\t<\/div>\n\t\t<div class=\"elementor-element elementor-element-e3446ca e-con-full e-flex e-con e-parent\" data-id=\"e3446ca\" data-element_type=\"container\" data-settings=\"{&quot;_ha_eqh_enable&quot;:false}\">\n\t\t<div class=\"elementor-element elementor-element-6d634bb e-con-full e-flex eael_liquid_glass-effect1 eael_liquid_glass_shadow-effect1 elementor-invisible e-con e-child\" data-id=\"6d634bb\" data-element_type=\"container\" data-settings=\"{&quot;background_background&quot;:&quot;classic&quot;,&quot;animation&quot;:&quot;slideInLeft&quot;,&quot;_ha_eqh_enable&quot;:false}\">\n\t\t<div class=\"elementor-element elementor-element-6b33814 e-con-full e-flex e-con e-child\" data-id=\"6b33814\" data-element_type=\"container\" data-settings=\"{&quot;_ha_eqh_enable&quot;:false}\">\n\t\t\t\t<div class=\"elementor-element elementor-element-2fcff9f elementor-widget__width-initial elementor-widget elementor-widget-image\" data-id=\"2fcff9f\" data-element_type=\"widget\" data-widget_type=\"image.default\">\n\t\t\t\t\t\t\t\t\t\t\t\t\t\t\t<img fetchpriority=\"high\" decoding=\"async\" width=\"800\" height=\"800\" src=\"https:\/\/prositestudio.de\/wp-content\/uploads\/2025\/10\/Gemini_Generated_Image_u3qxcvu3qxcvu3qx.png\" class=\"attachment-large size-large wp-image-258\" alt=\"\" srcset=\"https:\/\/prositestudio.de\/wp-content\/uploads\/2025\/10\/Gemini_Generated_Image_u3qxcvu3qxcvu3qx.png 1024w, https:\/\/prositestudio.de\/wp-content\/uploads\/2025\/10\/Gemini_Generated_Image_u3qxcvu3qxcvu3qx-300x300.png 300w, https:\/\/prositestudio.de\/wp-content\/uploads\/2025\/10\/Gemini_Generated_Image_u3qxcvu3qxcvu3qx-150x150.png 150w, https:\/\/prositestudio.de\/wp-content\/uploads\/2025\/10\/Gemini_Generated_Image_u3qxcvu3qxcvu3qx-768x768.png 768w\" sizes=\"(max-width: 800px) 100vw, 800px\" \/>\t\t\t\t\t\t\t\t\t\t\t\t\t\t\t<\/div>\n\t\t\t\t<\/div>\n\t\t<div class=\"elementor-element elementor-element-4567af6 e-con-full e-flex e-con e-child\" data-id=\"4567af6\" data-element_type=\"container\" data-settings=\"{&quot;_ha_eqh_enable&quot;:false}\">\n\t\t\t\t<div class=\"elementor-element elementor-element-44d2fff elementor-widget elementor-widget-heading\" data-id=\"44d2fff\" data-element_type=\"widget\" data-widget_type=\"heading.default\">\n\t\t\t\t\t<h2 class=\"elementor-heading-title elementor-size-default\">Response<\/h2>\t\t\t\t<\/div>\n\t\t\t\t<div class=\"elementor-element elementor-element-8975edd elementor-widget elementor-widget-text-editor\" data-id=\"8975edd\" data-element_type=\"widget\" data-widget_type=\"text-editor.default\">\n\t\t\t\t\t\t\t\t\t<p>Wir entwickeln Websites, die einfach zu bedienen sind, unabh\u00e4ngig vom Ger\u00e4t, und die f\u00fcr Suchmaschinen optimiert sind, um die Sichtbarkeit zu verbessern.<\/p>\t\t\t\t\t\t\t\t<\/div>\n\t\t\t\t<\/div>\n\t\t\t\t<\/div>\n\t\t<div class=\"elementor-element elementor-element-721e0c0 e-con-full e-flex e-con e-child\" data-id=\"721e0c0\" data-element_type=\"container\" data-settings=\"{&quot;_ha_eqh_enable&quot;:false}\">\n\t\t<div class=\"elementor-element elementor-element-268f485 e-con-full e-flex eael_liquid_glass-effect1 eael_liquid_glass_shadow-effect1 elementor-invisible e-con e-child\" data-id=\"268f485\" data-element_type=\"container\" data-settings=\"{&quot;background_background&quot;:&quot;classic&quot;,&quot;animation&quot;:&quot;slideInRight&quot;,&quot;_ha_eqh_enable&quot;:false}\">\n\t\t<div class=\"elementor-element elementor-element-ac4337e e-con-full e-flex e-con e-child\" data-id=\"ac4337e\" data-element_type=\"container\" data-settings=\"{&quot;_ha_eqh_enable&quot;:false}\">\n\t\t\t\t<div class=\"elementor-element elementor-element-65bbb1d elementor-widget elementor-widget-image\" data-id=\"65bbb1d\" data-element_type=\"widget\" data-widget_type=\"image.default\">\n\t\t\t\t\t\t\t\t\t\t\t\t\t\t\t<img decoding=\"async\" width=\"800\" height=\"800\" src=\"https:\/\/prositestudio.de\/wp-content\/uploads\/2025\/10\/Gemini_Generated_Image_u3qxcvu3qxcvu3qx-1.png\" class=\"attachment-large size-large wp-image-259\" alt=\"\" srcset=\"https:\/\/prositestudio.de\/wp-content\/uploads\/2025\/10\/Gemini_Generated_Image_u3qxcvu3qxcvu3qx-1.png 1024w, https:\/\/prositestudio.de\/wp-content\/uploads\/2025\/10\/Gemini_Generated_Image_u3qxcvu3qxcvu3qx-1-300x300.png 300w, https:\/\/prositestudio.de\/wp-content\/uploads\/2025\/10\/Gemini_Generated_Image_u3qxcvu3qxcvu3qx-1-150x150.png 150w, https:\/\/prositestudio.de\/wp-content\/uploads\/2025\/10\/Gemini_Generated_Image_u3qxcvu3qxcvu3qx-1-768x768.png 768w\" sizes=\"(max-width: 800px) 100vw, 800px\" \/>\t\t\t\t\t\t\t\t\t\t\t\t\t\t\t<\/div>\n\t\t\t\t<\/div>\n\t\t<div class=\"elementor-element elementor-element-450d5b1 e-con-full e-flex e-con e-child\" data-id=\"450d5b1\" data-element_type=\"container\" data-settings=\"{&quot;_ha_eqh_enable&quot;:false}\">\n\t\t\t\t<div class=\"elementor-element elementor-element-05a3004 elementor-widget elementor-widget-heading\" data-id=\"05a3004\" data-element_type=\"widget\" data-widget_type=\"heading.default\">\n\t\t\t\t\t<h2 class=\"elementor-heading-title elementor-size-default\">SEO-Optimisiert<\/h2>\t\t\t\t<\/div>\n\t\t\t\t<div class=\"elementor-element elementor-element-f502d96 elementor-widget elementor-widget-text-editor\" data-id=\"f502d96\" data-element_type=\"widget\" data-widget_type=\"text-editor.default\">\n\t\t\t\t\t\t\t\t\t<p>Wir entwickeln Websites, die einfach zu bedienen sind, unabh\u00e4ngig vom Ger\u00e4t, und die f\u00fcr Suchmaschinen optimiert sind, um die Sichtbarkeit zu verbessern.<\/p>\t\t\t\t\t\t\t\t<\/div>\n\t\t\t\t<\/div>\n\t\t\t\t<\/div>\n\t\t\t\t<\/div>\n\t\t<div class=\"elementor-element elementor-element-c40a682 e-con-full e-flex e-con e-child\" data-id=\"c40a682\" data-element_type=\"container\" data-settings=\"{&quot;_ha_eqh_enable&quot;:false}\">\n\t\t<div class=\"elementor-element elementor-element-fc36818 e-con-full e-flex eael_liquid_glass-effect1 eael_liquid_glass_shadow-effect1 elementor-invisible e-con e-child\" data-id=\"fc36818\" data-element_type=\"container\" data-settings=\"{&quot;background_background&quot;:&quot;classic&quot;,&quot;animation&quot;:&quot;slideInLeft&quot;,&quot;_ha_eqh_enable&quot;:false}\">\n\t\t<div class=\"elementor-element elementor-element-50178bb e-con-full e-flex e-con e-child\" data-id=\"50178bb\" data-element_type=\"container\" data-settings=\"{&quot;_ha_eqh_enable&quot;:false}\">\n\t\t\t\t<div class=\"elementor-element elementor-element-15dd4f7 elementor-widget elementor-widget-image\" data-id=\"15dd4f7\" data-element_type=\"widget\" data-widget_type=\"image.default\">\n\t\t\t\t\t\t\t\t\t\t\t\t\t\t\t<img decoding=\"async\" width=\"800\" height=\"800\" src=\"https:\/\/prositestudio.de\/wp-content\/uploads\/2025\/10\/Gemini_Generated_Image_4b6k5r4b6k5r4b6k.png\" class=\"attachment-large size-large wp-image-263\" alt=\"\" srcset=\"https:\/\/prositestudio.de\/wp-content\/uploads\/2025\/10\/Gemini_Generated_Image_4b6k5r4b6k5r4b6k.png 1024w, https:\/\/prositestudio.de\/wp-content\/uploads\/2025\/10\/Gemini_Generated_Image_4b6k5r4b6k5r4b6k-300x300.png 300w, https:\/\/prositestudio.de\/wp-content\/uploads\/2025\/10\/Gemini_Generated_Image_4b6k5r4b6k5r4b6k-150x150.png 150w, https:\/\/prositestudio.de\/wp-content\/uploads\/2025\/10\/Gemini_Generated_Image_4b6k5r4b6k5r4b6k-768x768.png 768w\" sizes=\"(max-width: 800px) 100vw, 800px\" \/>\t\t\t\t\t\t\t\t\t\t\t\t\t\t\t<\/div>\n\t\t\t\t<\/div>\n\t\t<div class=\"elementor-element elementor-element-8f59ed9 e-con-full e-flex e-con e-child\" data-id=\"8f59ed9\" data-element_type=\"container\" data-settings=\"{&quot;_ha_eqh_enable&quot;:false}\">\n\t\t\t\t<div class=\"elementor-element elementor-element-161a6b1 elementor-widget elementor-widget-heading\" data-id=\"161a6b1\" data-element_type=\"widget\" data-widget_type=\"heading.default\">\n\t\t\t\t\t<h2 class=\"elementor-heading-title elementor-size-default\">Wartung &amp; Support<\/h2>\t\t\t\t<\/div>\n\t\t\t\t<div class=\"elementor-element elementor-element-a477827 elementor-widget elementor-widget-text-editor\" data-id=\"a477827\" data-element_type=\"widget\" data-widget_type=\"text-editor.default\">\n\t\t\t\t\t\t\t\t\t<p>Nach dem Launch lassen wir dich nicht allein. Wir k\u00fcmmern uns darum, dass deine Website aktuell, sicher und funktionsf\u00e4hig bleibt \u2013 damit du dich voll und ganz auf dein Gesch\u00e4ft konzentrieren kannst.<\/p>\t\t\t\t\t\t\t\t<\/div>\n\t\t\t\t<\/div>\n\t\t\t\t<\/div>\n\t\t\t\t<\/div>\n\t\t<div class=\"elementor-element elementor-element-83ac404 e-con-full e-flex e-con e-child\" data-id=\"83ac404\" data-element_type=\"container\" data-settings=\"{&quot;_ha_eqh_enable&quot;:false}\">\n\t\t<div class=\"elementor-element elementor-element-1e837a1 e-con-full e-flex eael_liquid_glass-effect1 eael_liquid_glass_shadow-effect1 elementor-invisible e-con e-child\" data-id=\"1e837a1\" data-element_type=\"container\" data-settings=\"{&quot;background_background&quot;:&quot;classic&quot;,&quot;animation&quot;:&quot;slideInRight&quot;,&quot;_ha_eqh_enable&quot;:false}\">\n\t\t<div class=\"elementor-element elementor-element-72e0d16 e-con-full e-flex e-con e-child\" data-id=\"72e0d16\" data-element_type=\"container\" data-settings=\"{&quot;_ha_eqh_enable&quot;:false}\">\n\t\t\t\t<div class=\"elementor-element elementor-element-efc93b0 elementor-widget elementor-widget-image\" data-id=\"efc93b0\" data-element_type=\"widget\" data-widget_type=\"image.default\">\n\t\t\t\t\t\t\t\t\t\t\t\t\t\t\t<img loading=\"lazy\" decoding=\"async\" width=\"800\" height=\"800\" src=\"https:\/\/prositestudio.de\/wp-content\/uploads\/2025\/10\/Gemini_Generated_Image_qkos3mqkos3mqkos.png\" class=\"attachment-large size-large wp-image-262\" alt=\"\" srcset=\"https:\/\/prositestudio.de\/wp-content\/uploads\/2025\/10\/Gemini_Generated_Image_qkos3mqkos3mqkos.png 1024w, https:\/\/prositestudio.de\/wp-content\/uploads\/2025\/10\/Gemini_Generated_Image_qkos3mqkos3mqkos-300x300.png 300w, https:\/\/prositestudio.de\/wp-content\/uploads\/2025\/10\/Gemini_Generated_Image_qkos3mqkos3mqkos-150x150.png 150w, https:\/\/prositestudio.de\/wp-content\/uploads\/2025\/10\/Gemini_Generated_Image_qkos3mqkos3mqkos-768x768.png 768w\" sizes=\"(max-width: 800px) 100vw, 800px\" \/>\t\t\t\t\t\t\t\t\t\t\t\t\t\t\t<\/div>\n\t\t\t\t<\/div>\n\t\t<div class=\"elementor-element elementor-element-cbe288a e-con-full e-flex e-con e-child\" data-id=\"cbe288a\" data-element_type=\"container\" data-settings=\"{&quot;_ha_eqh_enable&quot;:false}\">\n\t\t\t\t<div class=\"elementor-element elementor-element-cca619d elementor-widget elementor-widget-heading\" data-id=\"cca619d\" data-element_type=\"widget\" data-widget_type=\"heading.default\">\n\t\t\t\t\t<h2 class=\"elementor-heading-title elementor-size-default\">Content &amp; Strategie<\/h2>\t\t\t\t<\/div>\n\t\t\t\t<div class=\"elementor-element elementor-element-4a94be9 elementor-widget elementor-widget-text-editor\" data-id=\"4a94be9\" data-element_type=\"widget\" data-widget_type=\"text-editor.default\">\n\t\t\t\t\t\t\t\t\t<p>Wir helfen dir nicht nur beim Design, sondern auch bei den Inhalten. Von der richtigen Wortwahl bis hin zur passenden Bildsprache \u2013 wir stellen sicher, dass deine Website professionell und \u00fcberzeugend wirkt.<\/p>\t\t\t\t\t\t\t\t<\/div>\n\t\t\t\t<\/div>\n\t\t\t\t<\/div>\n\t\t\t\t<\/div>\n\t\t<div class=\"elementor-element elementor-element-c4d211c e-con-full e-flex e-con e-child\" data-id=\"c4d211c\" data-element_type=\"container\" data-settings=\"{&quot;_ha_eqh_enable&quot;:false}\">\n\t\t<div class=\"elementor-element elementor-element-2d6411e e-con-full e-flex eael_liquid_glass-effect1 eael_liquid_glass_shadow-effect1 elementor-invisible e-con e-child\" data-id=\"2d6411e\" data-element_type=\"container\" data-settings=\"{&quot;background_background&quot;:&quot;classic&quot;,&quot;animation&quot;:&quot;slideInLeft&quot;,&quot;_ha_eqh_enable&quot;:false}\">\n\t\t<div class=\"elementor-element elementor-element-d1e0ab1 e-con-full e-flex e-con e-child\" data-id=\"d1e0ab1\" data-element_type=\"container\" data-settings=\"{&quot;_ha_eqh_enable&quot;:false}\">\n\t\t\t\t<div class=\"elementor-element elementor-element-fe95520 elementor-widget elementor-widget-image\" data-id=\"fe95520\" data-element_type=\"widget\" data-widget_type=\"image.default\">\n\t\t\t\t\t\t\t\t\t\t\t\t\t\t\t<img loading=\"lazy\" decoding=\"async\" width=\"800\" height=\"800\" src=\"https:\/\/prositestudio.de\/wp-content\/uploads\/2025\/10\/Gemini_Generated_Image_hwrrushwrrushwrr.png\" class=\"attachment-large size-large wp-image-261\" alt=\"\" srcset=\"https:\/\/prositestudio.de\/wp-content\/uploads\/2025\/10\/Gemini_Generated_Image_hwrrushwrrushwrr.png 1024w, https:\/\/prositestudio.de\/wp-content\/uploads\/2025\/10\/Gemini_Generated_Image_hwrrushwrrushwrr-300x300.png 300w, https:\/\/prositestudio.de\/wp-content\/uploads\/2025\/10\/Gemini_Generated_Image_hwrrushwrrushwrr-150x150.png 150w, https:\/\/prositestudio.de\/wp-content\/uploads\/2025\/10\/Gemini_Generated_Image_hwrrushwrrushwrr-768x768.png 768w\" sizes=\"(max-width: 800px) 100vw, 800px\" \/>\t\t\t\t\t\t\t\t\t\t\t\t\t\t\t<\/div>\n\t\t\t\t<\/div>\n\t\t<div class=\"elementor-element elementor-element-5de5f0e e-con-full e-flex e-con e-child\" data-id=\"5de5f0e\" data-element_type=\"container\" data-settings=\"{&quot;_ha_eqh_enable&quot;:false}\">\n\t\t\t\t<div class=\"elementor-element elementor-element-b574962 elementor-widget elementor-widget-heading\" data-id=\"b574962\" data-element_type=\"widget\" data-widget_type=\"heading.default\">\n\t\t\t\t\t<h2 class=\"elementor-heading-title elementor-size-default\">Branding &amp; Design<\/h2>\t\t\t\t<\/div>\n\t\t\t\t<div class=\"elementor-element elementor-element-cbca504 elementor-widget elementor-widget-text-editor\" data-id=\"cbca504\" data-element_type=\"widget\" data-widget_type=\"text-editor.default\">\n\t\t\t\t\t\t\t\t\t<p>Wir unterst\u00fctzen dich nicht nur bei der Website, sondern auch beim Aufbau einer starken Markenidentit\u00e4t, die sich von der Konkurrenz abhebt.<\/p>\t\t\t\t\t\t\t\t<\/div>\n\t\t\t\t<\/div>\n\t\t\t\t<\/div>\n\t\t\t\t<\/div>\n\t\t<div class=\"elementor-element elementor-element-124b724 e-con-full e-flex e-con e-child\" data-id=\"124b724\" data-element_type=\"container\" data-settings=\"{&quot;_ha_eqh_enable&quot;:false}\">\n\t\t<div class=\"elementor-element elementor-element-3436151 e-con-full e-flex eael_liquid_glass-effect1 eael_liquid_glass_shadow-effect1 elementor-invisible e-con e-child\" data-id=\"3436151\" data-element_type=\"container\" data-settings=\"{&quot;background_background&quot;:&quot;classic&quot;,&quot;animation&quot;:&quot;slideInRight&quot;,&quot;_ha_eqh_enable&quot;:false}\">\n\t\t<div class=\"elementor-element elementor-element-83024b0 e-con-full e-flex e-con e-child\" data-id=\"83024b0\" data-element_type=\"container\" data-settings=\"{&quot;_ha_eqh_enable&quot;:false}\">\n\t\t\t\t<div class=\"elementor-element elementor-element-22c33d2 elementor-widget elementor-widget-image\" data-id=\"22c33d2\" data-element_type=\"widget\" data-widget_type=\"image.default\">\n\t\t\t\t\t\t\t\t\t\t\t\t\t\t\t<img loading=\"lazy\" decoding=\"async\" width=\"800\" height=\"800\" src=\"https:\/\/prositestudio.de\/wp-content\/uploads\/2025\/10\/Gemini_Generated_Image_l61k2ql61k2ql61k.png\" class=\"attachment-large size-large wp-image-260\" alt=\"\" srcset=\"https:\/\/prositestudio.de\/wp-content\/uploads\/2025\/10\/Gemini_Generated_Image_l61k2ql61k2ql61k.png 1024w, https:\/\/prositestudio.de\/wp-content\/uploads\/2025\/10\/Gemini_Generated_Image_l61k2ql61k2ql61k-300x300.png 300w, https:\/\/prositestudio.de\/wp-content\/uploads\/2025\/10\/Gemini_Generated_Image_l61k2ql61k2ql61k-150x150.png 150w, https:\/\/prositestudio.de\/wp-content\/uploads\/2025\/10\/Gemini_Generated_Image_l61k2ql61k2ql61k-768x768.png 768w\" sizes=\"(max-width: 800px) 100vw, 800px\" \/>\t\t\t\t\t\t\t\t\t\t\t\t\t\t\t<\/div>\n\t\t\t\t<\/div>\n\t\t<div class=\"elementor-element elementor-element-910ba06 e-con-full e-flex e-con e-child\" data-id=\"910ba06\" data-element_type=\"container\" data-settings=\"{&quot;_ha_eqh_enable&quot;:false}\">\n\t\t\t\t<div class=\"elementor-element elementor-element-aaf0ac3 elementor-widget elementor-widget-heading\" data-id=\"aaf0ac3\" data-element_type=\"widget\" data-widget_type=\"heading.default\">\n\t\t\t\t\t<h2 class=\"elementor-heading-title elementor-size-default\">Buchungs- &amp; Terminservice<\/h2>\t\t\t\t<\/div>\n\t\t\t\t<div class=\"elementor-element elementor-element-aea20b2 elementor-widget elementor-widget-text-editor\" data-id=\"aea20b2\" data-element_type=\"widget\" data-widget_type=\"text-editor.default\">\n\t\t\t\t\t\t\t\t\t<p>Ob Restaurant, Friseur oder Berater \u2013 wir richten Buchungssysteme ein, die dir Arbeit abnehmen und deinen Kunden Komfort bieten.<\/p>\t\t\t\t\t\t\t\t<\/div>\n\t\t\t\t<\/div>\n\t\t\t\t<\/div>\n\t\t\t\t<\/div>\n\t\t\t\t<\/div>\n\t\t\t\t<\/div>\n\t\t","protected":false},"excerpt":{"rendered":"<p>Website Entwicklung Unsere Agentur erstellt ma\u00dfgeschneiderte Websites f\u00fcr Unternehmen, um ihre Online-Pr\u00e4senz zu st\u00e4rken. \u00a0 Response Wir entwickeln Websites, die einfach zu bedienen sind, unabh\u00e4ngig vom Ger\u00e4t, und die f\u00fcr Suchmaschinen optimiert sind, um die Sichtbarkeit zu verbessern. SEO-Optimisiert Wir entwickeln Websites, die einfach zu bedienen sind, unabh\u00e4ngig vom Ger\u00e4t, und die f\u00fcr Suchmaschinen optimiert [&hellip;]<\/p>\n","protected":false},"author":1,"featured_media":0,"parent":0,"menu_order":0,"comment_status":"closed","ping_status":"closed","template":"","meta":{"footnotes":""},"class_list":["post-88","page","type-page","status-publish","hentry"],"aioseo_notices":[],"_hostinger_reach_plugin_has_subscription_block":false,"_hostinger_reach_plugin_is_elementor":false,"_links":{"self":[{"href":"https:\/\/prositestudio.de\/home\/wp-json\/wp\/v2\/pages\/88","targetHints":{"allow":["GET"]}}],"collection":[{"href":"https:\/\/prositestudio.de\/home\/wp-json\/wp\/v2\/pages"}],"about":[{"href":"https:\/\/prositestudio.de\/home\/wp-json\/wp\/v2\/types\/page"}],"author":[{"embeddable":true,"href":"https:\/\/prositestudio.de\/home\/wp-json\/wp\/v2\/users\/1"}],"replies":[{"embeddable":true,"href":"https:\/\/prositestudio.de\/home\/wp-json\/wp\/v2\/comments?post=88"}],"version-history":[{"count":25,"href":"https:\/\/prositestudio.de\/home\/wp-json\/wp\/v2\/pages\/88\/revisions"}],"predecessor-version":[{"id":276,"href":"https:\/\/prositestudio.de\/home\/wp-json\/wp\/v2\/pages\/88\/revisions\/276"}],"wp:attachment":[{"href":"https:\/\/prositestudio.de\/home\/wp-json\/wp\/v2\/media?parent=88"}],"curies":[{"name":"wp","href":"https:\/\/api.w.org\/{rel}","templated":true}]}}