{"id":7,"date":"2025-10-18T11:16:28","date_gmt":"2025-10-18T11:16:28","guid":{"rendered":"https:\/\/prositestudio.de\/?page_id=7"},"modified":"2025-10-29T17:16:17","modified_gmt":"2025-10-29T17:16:17","slug":"home","status":"publish","type":"page","link":"https:\/\/prositestudio.de\/home\/","title":{"rendered":"Home"},"content":{"rendered":"\t\t<div data-elementor-type=\"wp-page\" data-elementor-id=\"7\" class=\"elementor elementor-7\" data-elementor-settings=\"{&quot;ha_cmc_init_switcher&quot;:&quot;no&quot;}\">\n\t\t\t\t<div class=\"elementor-element elementor-element-82014ae e-con-full elementor-hidden-mobile e-flex e-con e-parent\" data-id=\"82014ae\" data-element_type=\"container\" data-settings=\"{&quot;background_background&quot;:&quot;video&quot;,&quot;_ha_eqh_enable&quot;:false}\">\n\t\t<div class=\"elementor-element elementor-element-628a9c8 e-con-full elementor-hidden-mobile elementor-hidden-tablet e-flex e-con e-child\" data-id=\"628a9c8\" data-element_type=\"container\" data-settings=\"{&quot;_ha_eqh_enable&quot;:false}\">\n\t\t<div class=\"elementor-element elementor-element-30eabd0 e-con-full e-flex e-con e-child\" data-id=\"30eabd0\" data-element_type=\"container\" data-settings=\"{&quot;_ha_eqh_enable&quot;:false}\">\n\t\t\t\t<div class=\"elementor-element elementor-element-3440fab elementor-widget elementor-widget-html\" data-id=\"3440fab\" data-element_type=\"widget\" data-widget_type=\"html.default\">\n\t\t\t\t\t<video\n  autoplay\n  muted\n  loop\n  playsinline\n  webkit-playsinline\n  preload=\"auto\"\n  controlslist=\"nodownload nofullscreen noremoteplayback\"\n  style=\"width:100%; height:100%; object-fit:cover; pointer-events:none; border-radius:inherit;\">\n  <source src=\"https:\/\/prositestudio.de\/wp-content\/uploads\/2025\/10\/4K-time-lapse-beautiful-sky-with-clouds.mp4\" type=\"video\/mp4\">\n<\/video>\t\t\t\t<\/div>\n\t\t\t\t<\/div>\n\t\t\t\t<\/div>\n\t\t\t\t<\/div>\n\t\t<div class=\"elementor-element elementor-element-5ee542e e-con-full e-flex e-con e-parent\" data-id=\"5ee542e\" data-element_type=\"container\" data-settings=\"{&quot;_ha_eqh_enable&quot;:false}\">\n\t\t<div class=\"elementor-element elementor-element-28c1f10 e-con-full e-flex e-con e-child\" data-id=\"28c1f10\" data-element_type=\"container\" data-settings=\"{&quot;_ha_eqh_enable&quot;:false}\">\n\t\t<div class=\"elementor-element elementor-element-a39ceba e-con-full e-flex e-con e-child\" data-id=\"a39ceba\" data-element_type=\"container\" data-settings=\"{&quot;_ha_eqh_enable&quot;:false}\">\n\t\t\t\t<div class=\"elementor-element elementor-element-68488fe elementor-widget__width-initial elementor-widget elementor-widget-image\" data-id=\"68488fe\" data-element_type=\"widget\" data-widget_type=\"image.default\">\n\t\t\t\t\t\t\t\t\t\t\t\t\t\t\t<img fetchpriority=\"high\" decoding=\"async\" width=\"768\" height=\"768\" src=\"https:\/\/prositestudio.de\/wp-content\/uploads\/2025\/10\/vorlage_website_himmel-768x768.png\" class=\"attachment-medium_large size-medium_large wp-image-37\" alt=\"\" srcset=\"https:\/\/prositestudio.de\/wp-content\/uploads\/2025\/10\/vorlage_website_himmel-768x768.png 768w, https:\/\/prositestudio.de\/wp-content\/uploads\/2025\/10\/vorlage_website_himmel-300x300.png 300w, https:\/\/prositestudio.de\/wp-content\/uploads\/2025\/10\/vorlage_website_himmel-150x150.png 150w, https:\/\/prositestudio.de\/wp-content\/uploads\/2025\/10\/vorlage_website_himmel.png 1024w\" sizes=\"(max-width: 768px) 100vw, 768px\" \/>\t\t\t\t\t\t\t\t\t\t\t\t\t\t\t<\/div>\n\t\t<div class=\"elementor-element elementor-element-bd71074 e-con-full e-flex e-con e-child\" data-id=\"bd71074\" data-element_type=\"container\" data-settings=\"{&quot;_ha_eqh_enable&quot;:false}\">\n\t\t\t\t<div class=\"elementor-element elementor-element-9d41ffb elementor-widget elementor-widget-heading\" data-id=\"9d41ffb\" data-element_type=\"widget\" data-widget_type=\"heading.default\">\n\t\t\t\t\t<h2 class=\"elementor-heading-title elementor-size-default\">Professionelle Webentwicklung<\/h2>\t\t\t\t<\/div>\n\t\t<div class=\"elementor-element elementor-element-3787758 e-con-full e-flex e-con e-child\" data-id=\"3787758\" data-element_type=\"container\" data-settings=\"{&quot;_ha_eqh_enable&quot;:false}\">\n\t\t\t\t<div class=\"elementor-element elementor-element-3fd9ee0 elementor-widget elementor-widget-text-editor\" data-id=\"3fd9ee0\" data-element_type=\"widget\" data-widget_type=\"text-editor.default\">\n\t\t\t\t\t\t\t\t\t<p>ProSite Studio ist Ihre Agentur f\u00fcr ma\u00dfgeschneiderte Websites, die das Wesen Ihres Unternehmens widerspiegeln und Besucher beeindrucken. Lassen Sie uns gemeinsam Ihre Online-Pr\u00e4senz optimieren!<\/p>\t\t\t\t\t\t\t\t<\/div>\n\t\t<div class=\"elementor-element elementor-element-7f48cfe e-con-full e-flex e-con e-child\" data-id=\"7f48cfe\" data-element_type=\"container\" data-settings=\"{&quot;_ha_eqh_enable&quot;:false}\">\n\t\t\t\t<div class=\"elementor-element elementor-element-1108ec4 elementor-widget__width-initial elementor-widget elementor-widget-eael-creative-button\" data-id=\"1108ec4\" data-element_type=\"widget\" data-widget_type=\"eael-creative-button.default\">\n\t\t\t\t\t        <div class=\"eael-creative-button-wrapper\">\n\n            <a class=\"eael-creative-button eael-creative-button--wayra\" href=\"https:\/\/prositestudio.de\/home\/dienstleistungen\/\" data-text=\"Go!\">\n            \t    \n                <div class=\"creative-button-inner\">\n\n                    \n                    <span class=\"cretive-button-text\">Mehr erfahren <\/span>\n\n                                    <\/div>\n\t                        <\/a>\n        <\/div>\n        \t\t\t\t<\/div>\n\t\t\t\t<\/div>\n\t\t\t\t<\/div>\n\t\t\t\t<\/div>\n\t\t\t\t<\/div>\n\t\t\t\t<\/div>\n\t\t<div class=\"elementor-element elementor-element-8be1c3f e-con-full e-flex e-con e-child\" data-id=\"8be1c3f\" data-element_type=\"container\" data-settings=\"{&quot;_ha_eqh_enable&quot;:false}\">\n\t\t\t\t<div class=\"elementor-element elementor-element-3870ea1 elementor-widget__width-inherit elementor-widget elementor-widget-image\" data-id=\"3870ea1\" data-element_type=\"widget\" data-widget_type=\"image.default\">\n\t\t\t\t\t\t\t\t\t\t\t\t\t\t\t<img decoding=\"async\" width=\"800\" height=\"800\" src=\"https:\/\/prositestudio.de\/wp-content\/uploads\/2025\/10\/handy_website_grau.png\" class=\"attachment-large size-large wp-image-38\" alt=\"\" srcset=\"https:\/\/prositestudio.de\/wp-content\/uploads\/2025\/10\/handy_website_grau.png 1024w, https:\/\/prositestudio.de\/wp-content\/uploads\/2025\/10\/handy_website_grau-300x300.png 300w, https:\/\/prositestudio.de\/wp-content\/uploads\/2025\/10\/handy_website_grau-150x150.png 150w, https:\/\/prositestudio.de\/wp-content\/uploads\/2025\/10\/handy_website_grau-768x768.png 768w\" sizes=\"(max-width: 800px) 100vw, 800px\" \/>\t\t\t\t\t\t\t\t\t\t\t\t\t\t\t<\/div>\n\t\t\t\t<\/div>\n\t\t\t\t<\/div>\n\t\t<div class=\"elementor-element elementor-element-758ee1f e-con-full e-flex e-con e-parent\" data-id=\"758ee1f\" data-element_type=\"container\" data-settings=\"{&quot;_ha_eqh_enable&quot;:false}\">\n\t\t<div class=\"elementor-element elementor-element-7b6c1a1 e-con-full e-flex e-con e-child\" data-id=\"7b6c1a1\" data-element_type=\"container\" data-settings=\"{&quot;_ha_eqh_enable&quot;:false}\">\n\t\t\t\t<div class=\"elementor-element elementor-element-ef7f3e3 elementor-invisible elementor-widget elementor-widget-heading\" data-id=\"ef7f3e3\" data-element_type=\"widget\" data-settings=\"{&quot;_animation&quot;:&quot;slideInUp&quot;}\" data-widget_type=\"heading.default\">\n\t\t\t\t\t<h2 class=\"elementor-heading-title elementor-size-default\">Unsere Leistungen<\/h2>\t\t\t\t<\/div>\n\t\t\t\t<\/div>\n\t\t<div class=\"elementor-element elementor-element-efaa573 e-con-full e-flex elementor-invisible e-con e-child\" data-id=\"efaa573\" data-element_type=\"container\" data-settings=\"{&quot;animation&quot;:&quot;slideInUp&quot;,&quot;_ha_eqh_enable&quot;:false}\">\n\t\t<div class=\"elementor-element elementor-element-1e8b044 e-con-full e-flex e-con e-child\" data-id=\"1e8b044\" data-element_type=\"container\" data-settings=\"{&quot;_ha_eqh_enable&quot;:false}\">\n\t\t\t\t<div class=\"elementor-element elementor-element-0862b39 elementor-widget elementor-widget-heading\" data-id=\"0862b39\" data-element_type=\"widget\" data-widget_type=\"heading.default\">\n\t\t\t\t\t<h2 class=\"elementor-heading-title elementor-size-default\">Responsiv<\/h2>\t\t\t\t<\/div>\n\t\t<div class=\"elementor-element elementor-element-5507d5e e-con-full e-flex e-con e-child\" data-id=\"5507d5e\" data-element_type=\"container\" data-settings=\"{&quot;_ha_eqh_enable&quot;:false}\">\n\t\t\t\t<div class=\"elementor-element elementor-element-e1fbdca elementor-widget elementor-widget-wpmozo_ae_scroll_text\" data-id=\"e1fbdca\" data-element_type=\"widget\" data-widget_type=\"wpmozo_ae_scroll_text.default\">\n\t\t\t\t<div class=\"elementor-widget-container\">\n\t\t\t\t\t\n\t\t\t<div class=\"wpmozo_scroll_text\">\n\t\t\t\t<div  class=\"wpmozo_scroll_text_wrap\" data-scroll_effect=\"fade\" data-split=\"word\" data-animation_start_element_pos=\"0%\" data-animation_start_viewport_pos=\"75%\" data-animation_end_element_pos=\"100%\" data-animation_end_viewport_pos=\"75%\">\n\t\t\t\t\t<div class=\"wpmozo_scroll_text_inner\">Wir entwickeln Websites, die einfach zu bedienen sind, unabh\u00e4ngig vom Ger\u00e4t, und die f\u00fcr Suchmaschinen optimiert sind, um die Sichtbarkeit zu verbessern.<\/div>\n\t\t\t\t<\/div>\n\t\t\t<\/div>\n\t\t\t\t\t\t\t<\/div>\n\t\t\t\t<\/div>\n\t\t\t\t<\/div>\n\t\t<div class=\"elementor-element elementor-element-57e33f4 e-con-full e-flex e-con e-child\" data-id=\"57e33f4\" data-element_type=\"container\" data-settings=\"{&quot;_ha_eqh_enable&quot;:false}\">\n\t\t\t\t<div class=\"elementor-element elementor-element-7de9c3e elementor-widget__width-initial elementor-widget elementor-widget-eael-creative-button\" data-id=\"7de9c3e\" data-element_type=\"widget\" data-widget_type=\"eael-creative-button.default\">\n\t\t\t\t\t        <div class=\"eael-creative-button-wrapper\">\n\n            <a class=\"eael-creative-button eael-creative-button--wayra\" href=\"https:\/\/prositestudio.de\/home\/dienstleistungen\/\" data-text=\"Go!\">\n            \t    \n                <div class=\"creative-button-inner\">\n\n                    \n                    <span class=\"cretive-button-text\">Mehr erfahren<\/span>\n\n                                    <\/div>\n\t                        <\/a>\n        <\/div>\n        \t\t\t\t<\/div>\n\t\t\t\t<\/div>\n\t\t\t\t<\/div>\n\t\t<div class=\"elementor-element elementor-element-43efb89 e-con-full e-flex e-con e-child\" data-id=\"43efb89\" data-element_type=\"container\" data-settings=\"{&quot;_ha_eqh_enable&quot;:false}\">\n\t\t\t\t<div class=\"elementor-element elementor-element-1bde09e elementor-widget elementor-widget-heading\" data-id=\"1bde09e\" data-element_type=\"widget\" data-widget_type=\"heading.default\">\n\t\t\t\t\t<h2 class=\"elementor-heading-title elementor-size-default\">SEO-Optimierung<\/h2>\t\t\t\t<\/div>\n\t\t<div class=\"elementor-element elementor-element-aa28c7e e-con-full e-flex e-con e-child\" data-id=\"aa28c7e\" data-element_type=\"container\" data-settings=\"{&quot;_ha_eqh_enable&quot;:false}\">\n\t\t\t\t<div class=\"elementor-element elementor-element-40db6c9 elementor-widget elementor-widget-wpmozo_ae_scroll_text\" data-id=\"40db6c9\" data-element_type=\"widget\" data-widget_type=\"wpmozo_ae_scroll_text.default\">\n\t\t\t\t<div class=\"elementor-widget-container\">\n\t\t\t\t\t\n\t\t\t<div class=\"wpmozo_scroll_text\">\n\t\t\t\t<div  class=\"wpmozo_scroll_text_wrap\" data-scroll_effect=\"fade\" data-split=\"word\" data-animation_start_element_pos=\"0%\" data-animation_start_viewport_pos=\"75%\" data-animation_end_element_pos=\"100%\" data-animation_end_viewport_pos=\"75%\">\n\t\t\t\t\t<div class=\"wpmozo_scroll_text_inner\">SEO-Optimierung ist entscheidend, um in den Suchmaschinen gefunden zu werden. Wir analysieren und optimieren Ihre Website, um ein besseres Ranking und mehr organischen Traffic zu erzielen. Vertrauen Sie auf unsere Expertise und steigern Sie Ihre Online-Sichtbarkeit.<\/div>\n\t\t\t\t<\/div>\n\t\t\t<\/div>\n\t\t\t\t\t\t\t<\/div>\n\t\t\t\t<\/div>\n\t\t\t\t<\/div>\n\t\t<div class=\"elementor-element elementor-element-1789b72 e-con-full e-flex e-con e-child\" data-id=\"1789b72\" data-element_type=\"container\" data-settings=\"{&quot;_ha_eqh_enable&quot;:false}\">\n\t\t\t\t<div class=\"elementor-element elementor-element-683b78a elementor-widget__width-initial elementor-widget elementor-widget-eael-creative-button\" data-id=\"683b78a\" data-element_type=\"widget\" data-widget_type=\"eael-creative-button.default\">\n\t\t\t\t\t        <div class=\"eael-creative-button-wrapper\">\n\n            <a class=\"eael-creative-button eael-creative-button--wayra\" href=\"https:\/\/prositestudio.de\/home\/dienstleistungen\/\" data-text=\"Go!\">\n            \t    \n                <div class=\"creative-button-inner\">\n\n                    \n                    <span class=\"cretive-button-text\">Mehr erfahren<\/span>\n\n                                    <\/div>\n\t                        <\/a>\n        <\/div>\n        \t\t\t\t<\/div>\n\t\t\t\t<\/div>\n\t\t\t\t<\/div>\n\t\t<div class=\"elementor-element elementor-element-580d0a9 e-con-full e-flex e-con e-child\" data-id=\"580d0a9\" data-element_type=\"container\" data-settings=\"{&quot;_ha_eqh_enable&quot;:false}\">\n\t\t\t\t<div class=\"elementor-element elementor-element-3b58277 elementor-widget elementor-widget-heading\" data-id=\"3b58277\" data-element_type=\"widget\" data-widget_type=\"heading.default\">\n\t\t\t\t\t<h2 class=\"elementor-heading-title elementor-size-default\">Wartung &amp; Support<\/h2>\t\t\t\t<\/div>\n\t\t<div class=\"elementor-element elementor-element-0ab6bad e-con-full e-flex e-con e-child\" data-id=\"0ab6bad\" data-element_type=\"container\" data-settings=\"{&quot;_ha_eqh_enable&quot;:false}\">\n\t\t\t\t<div class=\"elementor-element elementor-element-8004d40 elementor-widget elementor-widget-wpmozo_ae_scroll_text\" data-id=\"8004d40\" data-element_type=\"widget\" data-widget_type=\"wpmozo_ae_scroll_text.default\">\n\t\t\t\t<div class=\"elementor-widget-container\">\n\t\t\t\t\t\n\t\t\t<div class=\"wpmozo_scroll_text\">\n\t\t\t\t<div  class=\"wpmozo_scroll_text_wrap\" data-scroll_effect=\"fade\" data-split=\"word\" data-animation_start_element_pos=\"0%\" data-animation_start_viewport_pos=\"75%\" data-animation_end_element_pos=\"100%\" data-animation_end_viewport_pos=\"75%\">\n\t\t\t\t\t<div class=\"wpmozo_scroll_text_inner\">Unser Wartungs- und Support-Team steht Ihnen zur Seite, um sicherzustellen, dass Ihre Website stets einwandfrei funktioniert. Wir bieten schnelle L\u00f6sungen f\u00fcr Probleme, regelm\u00e4\u00dfige Backups und Updates, um Ihre Online-Pr\u00e4senz zu sch\u00fctzen.<\/div>\n\t\t\t\t<\/div>\n\t\t\t<\/div>\n\t\t\t\t\t\t\t<\/div>\n\t\t\t\t<\/div>\n\t\t\t\t<\/div>\n\t\t<div class=\"elementor-element elementor-element-177a34d e-con-full e-flex e-con e-child\" data-id=\"177a34d\" data-element_type=\"container\" data-settings=\"{&quot;_ha_eqh_enable&quot;:false}\">\n\t\t\t\t<div class=\"elementor-element elementor-element-9a45d3f elementor-widget__width-initial elementor-widget elementor-widget-eael-creative-button\" data-id=\"9a45d3f\" data-element_type=\"widget\" data-widget_type=\"eael-creative-button.default\">\n\t\t\t\t\t        <div class=\"eael-creative-button-wrapper\">\n\n            <a class=\"eael-creative-button eael-creative-button--wayra\" href=\"https:\/\/prositestudio.de\/home\/dienstleistungen\/\" data-text=\"Go!\">\n            \t    \n                <div class=\"creative-button-inner\">\n\n                    \n                    <span class=\"cretive-button-text\">Mehr erfahren<\/span>\n\n                                    <\/div>\n\t                        <\/a>\n        <\/div>\n        \t\t\t\t<\/div>\n\t\t\t\t<\/div>\n\t\t\t\t<\/div>\n\t\t\t\t<\/div>\n\t\t\t\t<\/div>\n\t\t<div class=\"elementor-element elementor-element-8e53f8a e-flex e-con-boxed e-con e-parent\" data-id=\"8e53f8a\" data-element_type=\"container\" data-settings=\"{&quot;_ha_eqh_enable&quot;:false}\">\n\t\t\t\t\t<div class=\"e-con-inner\">\n\t\t\t\t<div class=\"elementor-element elementor-element-77690bd elementor-widget-divider--view-line elementor-widget elementor-widget-divider\" data-id=\"77690bd\" data-element_type=\"widget\" data-widget_type=\"divider.default\">\n\t\t\t\t\t\t\t<div class=\"elementor-divider\">\n\t\t\t<span class=\"elementor-divider-separator\">\n\t\t\t\t\t\t<\/span>\n\t\t<\/div>\n\t\t\t\t\t\t<\/div>\n\t\t\t\t\t<\/div>\n\t\t\t\t<\/div>\n\t\t<div class=\"elementor-element elementor-element-c7309af e-flex e-con-boxed e-con e-parent\" data-id=\"c7309af\" data-element_type=\"container\" data-settings=\"{&quot;_ha_eqh_enable&quot;:false}\">\n\t\t\t\t\t<div class=\"e-con-inner\">\n\t\t<div class=\"elementor-element elementor-element-14d8acd e-con-full e-flex e-con e-child\" data-id=\"14d8acd\" data-element_type=\"container\" data-settings=\"{&quot;_ha_eqh_enable&quot;:false}\">\n\t\t\t\t<div class=\"elementor-element elementor-element-c07238b elementor-widget elementor-widget-text-editor\" data-id=\"c07238b\" data-element_type=\"widget\" data-widget_type=\"text-editor.default\">\n\t\t\t\t\t\t\t\t\t<div class=\"comp-mglinw49-container max-width-container\" data-testid=\"responsive-container-content\"><div id=\"comp-mglioinr\" class=\"PiVxGu MDrwHQ comp-mglioinr-container comp-mglioinr wixui-box\" dir=\"ltr\" role=\"\"><div id=\"comp-mglioinu5\" class=\"Z_l5lU ku3DBC zQ9jDz qvSjx3 Vq6kJx comp-mglioinu5 wixui-rich-text\" data-testid=\"richTextElement\"><blockquote class=\"font_4 wixui-rich-text__text\">\u201eVielen Dank an ProSite Studio f\u00fcr die professionelle Umsetzung unserer Website. Wir konnten unseren Umsatz signifikant steigern und sind sehr zufrieden mit dem Ergebnis.&#8221;<\/blockquote><\/div><\/div><\/div>\t\t\t\t\t\t\t\t<\/div>\n\t\t<div class=\"elementor-element elementor-element-7950d8a e-con-full e-flex e-con e-child\" data-id=\"7950d8a\" data-element_type=\"container\" data-settings=\"{&quot;_ha_eqh_enable&quot;:false}\">\n\t\t<div class=\"elementor-element elementor-element-19df8da e-con-full e-flex e-con e-child\" data-id=\"19df8da\" data-element_type=\"container\" data-settings=\"{&quot;_ha_eqh_enable&quot;:false}\">\n\t\t\t\t<div class=\"elementor-element elementor-element-26d9378 elementor-widget__width-initial elementor-widget elementor-widget-image\" data-id=\"26d9378\" data-element_type=\"widget\" data-widget_type=\"image.default\">\n\t\t\t\t\t\t\t\t\t\t\t\t\t\t\t<img decoding=\"async\" width=\"800\" height=\"800\" src=\"https:\/\/prositestudio.de\/wp-content\/uploads\/2025\/10\/e38a7d86-cdd4-4503-8a90-ee807fb5b340.jpg\" class=\"attachment-large size-large wp-image-309\" alt=\"\" srcset=\"https:\/\/prositestudio.de\/wp-content\/uploads\/2025\/10\/e38a7d86-cdd4-4503-8a90-ee807fb5b340.jpg 1024w, https:\/\/prositestudio.de\/wp-content\/uploads\/2025\/10\/e38a7d86-cdd4-4503-8a90-ee807fb5b340-300x300.jpg 300w, https:\/\/prositestudio.de\/wp-content\/uploads\/2025\/10\/e38a7d86-cdd4-4503-8a90-ee807fb5b340-150x150.jpg 150w, https:\/\/prositestudio.de\/wp-content\/uploads\/2025\/10\/e38a7d86-cdd4-4503-8a90-ee807fb5b340-768x768.jpg 768w\" sizes=\"(max-width: 800px) 100vw, 800px\" \/>\t\t\t\t\t\t\t\t\t\t\t\t\t\t\t<\/div>\n\t\t<div class=\"elementor-element elementor-element-29e67ba e-con-full e-flex e-con e-child\" data-id=\"29e67ba\" data-element_type=\"container\" data-settings=\"{&quot;_ha_eqh_enable&quot;:false}\">\n\t\t\t\t<div class=\"elementor-element elementor-element-a812bf0 elementor-widget elementor-widget-text-editor\" data-id=\"a812bf0\" data-element_type=\"widget\" data-widget_type=\"text-editor.default\">\n\t\t\t\t\t\t\t\t\t<p>Royalwash Wolfsburg, Inhaber<\/p>\t\t\t\t\t\t\t\t<\/div>\n\t\t<div class=\"elementor-element elementor-element-c1118b3 e-con-full e-flex e-con e-child\" data-id=\"c1118b3\" data-element_type=\"container\" data-settings=\"{&quot;_ha_eqh_enable&quot;:false}\">\n\t\t\t\t<div class=\"elementor-element elementor-element-3bbf806 elementor-widget elementor-widget-text-editor\" data-id=\"3bbf806\" data-element_type=\"widget\" data-widget_type=\"text-editor.default\">\n\t\t\t\t\t\t\t\t\t<p>29.09.2025<\/p>\t\t\t\t\t\t\t\t<\/div>\n\t\t\t\t<\/div>\n\t\t\t\t<\/div>\n\t\t\t\t<\/div>\n\t\t\t\t<\/div>\n\t\t\t\t<\/div>\n\t\t\t\t\t<\/div>\n\t\t\t\t<\/div>\n\t\t\t\t<\/div>\n\t\t","protected":false},"excerpt":{"rendered":"<p>Professionelle Webentwicklung ProSite Studio ist Ihre Agentur f\u00fcr ma\u00dfgeschneiderte Websites, die das Wesen Ihres Unternehmens widerspiegeln und Besucher beeindrucken. Lassen Sie uns gemeinsam Ihre Online-Pr\u00e4senz optimieren! Mehr erfahren Unsere Leistungen Responsiv Wir entwickeln Websites, die einfach zu bedienen sind, unabh\u00e4ngig vom Ger\u00e4t, und die f\u00fcr Suchmaschinen optimiert sind, um die Sichtbarkeit zu verbessern. Mehr erfahren [&hellip;]<\/p>\n","protected":false},"author":1,"featured_media":0,"parent":0,"menu_order":0,"comment_status":"closed","ping_status":"closed","template":"elementor_header_footer","meta":{"footnotes":""},"class_list":["post-7","page","type-page","status-publish","hentry"],"aioseo_notices":[],"_hostinger_reach_plugin_has_subscription_block":false,"_hostinger_reach_plugin_is_elementor":false,"_links":{"self":[{"href":"https:\/\/prositestudio.de\/home\/wp-json\/wp\/v2\/pages\/7","targetHints":{"allow":["GET"]}}],"collection":[{"href":"https:\/\/prositestudio.de\/home\/wp-json\/wp\/v2\/pages"}],"about":[{"href":"https:\/\/prositestudio.de\/home\/wp-json\/wp\/v2\/types\/page"}],"author":[{"embeddable":true,"href":"https:\/\/prositestudio.de\/home\/wp-json\/wp\/v2\/users\/1"}],"replies":[{"embeddable":true,"href":"https:\/\/prositestudio.de\/home\/wp-json\/wp\/v2\/comments?post=7"}],"version-history":[{"count":73,"href":"https:\/\/prositestudio.de\/home\/wp-json\/wp\/v2\/pages\/7\/revisions"}],"predecessor-version":[{"id":325,"href":"https:\/\/prositestudio.de\/home\/wp-json\/wp\/v2\/pages\/7\/revisions\/325"}],"wp:attachment":[{"href":"https:\/\/prositestudio.de\/home\/wp-json\/wp\/v2\/media?parent=7"}],"curies":[{"name":"wp","href":"https:\/\/api.w.org\/{rel}","templated":true}]}}