{"id":44,"date":"2025-10-19T10:03:24","date_gmt":"2025-10-19T10:03:24","guid":{"rendered":"https:\/\/prositestudio.de\/?page_id=44"},"modified":"2026-01-13T10:41:20","modified_gmt":"2026-01-13T10:41:20","slug":"ueber-uns","status":"publish","type":"page","link":"https:\/\/prositestudio.de\/home\/ueber-uns","title":{"rendered":"\u00dcber Uns"},"content":{"rendered":"\t\t<div data-elementor-type=\"wp-page\" data-elementor-id=\"44\" class=\"elementor elementor-44\" data-elementor-settings=\"{&quot;ha_cmc_init_switcher&quot;:&quot;no&quot;}\">\n\t\t\t\t<div class=\"elementor-element elementor-element-ba29329 e-con-full e-flex e-con e-parent\" data-id=\"ba29329\" data-element_type=\"container\" data-settings=\"{&quot;_ha_eqh_enable&quot;:false}\">\n\t\t<div class=\"elementor-element elementor-element-8c94081 e-con-full e-flex e-con e-child\" data-id=\"8c94081\" data-element_type=\"container\" data-settings=\"{&quot;_ha_eqh_enable&quot;:false}\">\n\t\t<div class=\"elementor-element elementor-element-51fdc31 e-con-full e-flex e-con e-child\" data-id=\"51fdc31\" data-element_type=\"container\" data-settings=\"{&quot;_ha_eqh_enable&quot;:false}\">\n\t\t\t\t<div class=\"elementor-element elementor-element-5c55246 elementor-widget elementor-widget-image\" data-id=\"5c55246\" data-element_type=\"widget\" data-widget_type=\"image.default\">\n\t\t\t\t\t\t\t\t\t\t\t\t\t\t\t<img fetchpriority=\"high\" decoding=\"async\" width=\"800\" height=\"450\" src=\"https:\/\/prositestudio.de\/wp-content\/uploads\/2025\/10\/prosite_logo_titel-1024x576.png\" class=\"attachment-large size-large wp-image-142\" alt=\"\" srcset=\"https:\/\/prositestudio.de\/wp-content\/uploads\/2025\/10\/prosite_logo_titel-1024x576.png 1024w, https:\/\/prositestudio.de\/wp-content\/uploads\/2025\/10\/prosite_logo_titel-300x169.png 300w, https:\/\/prositestudio.de\/wp-content\/uploads\/2025\/10\/prosite_logo_titel-768x432.png 768w, https:\/\/prositestudio.de\/wp-content\/uploads\/2025\/10\/prosite_logo_titel.png 1366w\" sizes=\"(max-width: 800px) 100vw, 800px\" \/>\t\t\t\t\t\t\t\t\t\t\t\t\t\t\t<\/div>\n\t\t\t\t<\/div>\n\t\t\t\t<\/div>\n\t\t<div class=\"elementor-element elementor-element-658500a e-con-full e-flex e-con e-child\" data-id=\"658500a\" data-element_type=\"container\" data-settings=\"{&quot;_ha_eqh_enable&quot;:false}\">\n\t\t<div class=\"elementor-element elementor-element-543a530 e-con-full e-flex e-con e-child\" data-id=\"543a530\" data-element_type=\"container\" data-settings=\"{&quot;_ha_eqh_enable&quot;:false}\">\n\t\t\t\t<div class=\"elementor-element elementor-element-86fe60e elementor-widget elementor-widget-text-editor\" data-id=\"86fe60e\" data-element_type=\"widget\" data-widget_type=\"text-editor.default\">\n\t\t\t\t\t\t\t\t\t<p class=\"font_8 wixui-rich-text__text\">ProSite Studio ist eine renommierte Agentur, die sich auf die Erstellung von Websites f\u00fcr verschiedene Unternehmen spezialisiert hat.<\/p><p class=\"font_8 wixui-rich-text__text\">Unser Engagement liegt darin, Unternehmen durch modernes Webdesign zu pr\u00e4sentieren und eine benutzerfreundliche Erfahrung f\u00fcr Besucher und Kunden zu schaffen.<\/p><p class=\"font_8 wixui-rich-text__text\">Mit unserer Expertise und Kreativit\u00e4t entwickeln wir ma\u00dfgeschneiderte L\u00f6sungen, um die Online-Pr\u00e4senz unserer Kunden zu st\u00e4rken und ihr Gesch\u00e4ftswachstum zu f\u00f6rdern.<\/p>\t\t\t\t\t\t\t\t<\/div>\n\t\t\t\t<\/div>\n\t\t<div class=\"elementor-element elementor-element-9384326 e-con-full e-flex e-con e-child\" data-id=\"9384326\" data-element_type=\"container\" data-settings=\"{&quot;_ha_eqh_enable&quot;:false}\">\n\t\t<div class=\"elementor-element elementor-element-d2cbe0f e-con-full e-flex e-con e-child\" data-id=\"d2cbe0f\" data-element_type=\"container\" data-settings=\"{&quot;_ha_eqh_enable&quot;:false}\">\n\t\t\t\t<div class=\"elementor-element elementor-element-b98904a elementor-widget__width-initial elementor-widget elementor-widget-eael-creative-button\" data-id=\"b98904a\" data-element_type=\"widget\" data-widget_type=\"eael-creative-button.default\">\n\t\t\t\t\t        <div class=\"eael-creative-button-wrapper\">\n\n            <a class=\"eael-creative-button eael-creative-button--wayra\" href=\"https:\/\/prositestudio.de\/home\/dienstleistungen\/\" data-text=\"Go!\">\n            \t    \n                <div class=\"creative-button-inner\">\n\n                    \n                    <span class=\"cretive-button-text\">Mehr erfahren<\/span>\n\n                                    <\/div>\n\t                        <\/a>\n        <\/div>\n        \t\t\t\t<\/div>\n\t\t\t\t<\/div>\n\t\t<div class=\"elementor-element elementor-element-6c2cb3e e-con-full e-flex e-con e-child\" data-id=\"6c2cb3e\" data-element_type=\"container\" data-settings=\"{&quot;_ha_eqh_enable&quot;:false}\">\n\t\t\t\t<div class=\"elementor-element elementor-element-f8d3cca elementor-widget__width-initial elementor-widget elementor-widget-eael-creative-button\" data-id=\"f8d3cca\" data-element_type=\"widget\" data-widget_type=\"eael-creative-button.default\">\n\t\t\t\t\t        <div class=\"eael-creative-button-wrapper\">\n\n            <a class=\"eael-creative-button eael-creative-button--wayra\" href=\"https:\/\/prositestudio.de\/home\/kontakt\" data-text=\"Go!\">\n            \t    \n                <div class=\"creative-button-inner\">\n\n                    \n                    <span class=\"cretive-button-text\">Termin buchen<\/span>\n\n                                    <\/div>\n\t                        <\/a>\n        <\/div>\n        \t\t\t\t<\/div>\n\t\t\t\t<\/div>\n\t\t\t\t<\/div>\n\t\t\t\t<\/div>\n\t\t\t\t<\/div>\n\t\t<div class=\"elementor-element elementor-element-e04a817 e-con-full e-flex e-con e-parent\" data-id=\"e04a817\" data-element_type=\"container\" data-settings=\"{&quot;_ha_eqh_enable&quot;:false}\">\n\t\t<div class=\"elementor-element elementor-element-fb65066 e-con-full e-flex e-con e-child\" data-id=\"fb65066\" data-element_type=\"container\" data-settings=\"{&quot;_ha_eqh_enable&quot;:false}\">\n\t\t\t\t<div class=\"elementor-element elementor-element-52a5d12 elementor-widget elementor-widget-image\" data-id=\"52a5d12\" data-element_type=\"widget\" data-widget_type=\"image.default\">\n\t\t\t\t\t\t\t\t\t\t\t\t\t\t\t<img decoding=\"async\" width=\"800\" height=\"800\" src=\"https:\/\/prositestudio.de\/wp-content\/uploads\/2025\/10\/laptop_handy_website_grau.png\" class=\"attachment-large size-large wp-image-133\" alt=\"\" srcset=\"https:\/\/prositestudio.de\/wp-content\/uploads\/2025\/10\/laptop_handy_website_grau.png 1024w, https:\/\/prositestudio.de\/wp-content\/uploads\/2025\/10\/laptop_handy_website_grau-300x300.png 300w, https:\/\/prositestudio.de\/wp-content\/uploads\/2025\/10\/laptop_handy_website_grau-150x150.png 150w, https:\/\/prositestudio.de\/wp-content\/uploads\/2025\/10\/laptop_handy_website_grau-768x768.png 768w\" sizes=\"(max-width: 800px) 100vw, 800px\" \/>\t\t\t\t\t\t\t\t\t\t\t\t\t\t\t<\/div>\n\t\t\t\t<\/div>\n\t\t<div class=\"elementor-element elementor-element-efe051e e-con-full e-flex e-con e-child\" data-id=\"efe051e\" data-element_type=\"container\" data-settings=\"{&quot;_ha_eqh_enable&quot;:false}\">\n\t\t<div class=\"elementor-element elementor-element-7adcb35 e-con-full e-flex e-con e-child\" data-id=\"7adcb35\" data-element_type=\"container\" data-settings=\"{&quot;_ha_eqh_enable&quot;:false}\">\n\t\t\t\t<div class=\"elementor-element elementor-element-f59871b elementor-widget elementor-widget-heading\" data-id=\"f59871b\" data-element_type=\"widget\" data-widget_type=\"heading.default\">\n\t\t\t\t\t<h2 class=\"elementor-heading-title elementor-size-default\">Unsere Mission<\/h2>\t\t\t\t<\/div>\n\t\t<div class=\"elementor-element elementor-element-f30a200 e-con-full e-flex e-con e-child\" data-id=\"f30a200\" data-element_type=\"container\" data-settings=\"{&quot;_ha_eqh_enable&quot;:false}\">\n\t\t\t\t<div class=\"elementor-element elementor-element-7ddbf2c elementor-widget elementor-widget-text-editor\" data-id=\"7ddbf2c\" data-element_type=\"widget\" data-widget_type=\"text-editor.default\">\n\t\t\t\t\t\t\t\t\t<p>Unsere Mission bei ProSite Studio ist es, Unternehmen ohne Website zu unterst\u00fctzen, indem wir ihnen moderne und benutzerfreundliche Websites zur Verf\u00fcgung stellen. Wir m\u00f6chten das Vertrauen unserer Kunden gewinnen, indem wir ihre Online-Pr\u00e4senz verbessern und ihre Zielgruppe optimal ansprechen. Durch unsere Arbeit wollen wir Unternehmen dabei helfen, ihre digitale Identit\u00e4t zu st\u00e4rken und ihre Reichweite zu erweitern.<\/p>\t\t\t\t\t\t\t\t<\/div>\n\t\t<div class=\"elementor-element elementor-element-25f1a57 e-con-full e-flex e-con e-child\" data-id=\"25f1a57\" data-element_type=\"container\" data-settings=\"{&quot;_ha_eqh_enable&quot;:false}\">\n\t\t<div class=\"elementor-element elementor-element-4b67aa9 e-con-full e-flex e-con e-child\" data-id=\"4b67aa9\" data-element_type=\"container\" data-settings=\"{&quot;_ha_eqh_enable&quot;:false}\">\n\t\t\t\t<div class=\"elementor-element elementor-element-b21c4fb elementor-widget__width-initial elementor-widget elementor-widget-eael-creative-button\" data-id=\"b21c4fb\" data-element_type=\"widget\" data-widget_type=\"eael-creative-button.default\">\n\t\t\t\t\t        <div class=\"eael-creative-button-wrapper\">\n\n            <a class=\"eael-creative-button eael-creative-button--wayra\" href=\"https:\/\/prositestudio.de\/home\/dienstleistungen\/\" data-text=\"Go!\">\n            \t    \n                <div class=\"creative-button-inner\">\n\n                    \n                    <span class=\"cretive-button-text\">Mehr erfahren<\/span>\n\n                                    <\/div>\n\t                        <\/a>\n        <\/div>\n        \t\t\t\t<\/div>\n\t\t\t\t<\/div>\n\t\t<div class=\"elementor-element elementor-element-dfe4ae4 e-con-full e-flex e-con e-child\" data-id=\"dfe4ae4\" data-element_type=\"container\" data-settings=\"{&quot;_ha_eqh_enable&quot;:false}\">\n\t\t\t\t<div class=\"elementor-element elementor-element-9fba8de elementor-widget__width-initial elementor-widget elementor-widget-eael-creative-button\" data-id=\"9fba8de\" data-element_type=\"widget\" data-widget_type=\"eael-creative-button.default\">\n\t\t\t\t\t        <div class=\"eael-creative-button-wrapper\">\n\n            <a class=\"eael-creative-button eael-creative-button--wayra\" href=\"https:\/\/prositestudio.de\/home\/kontakt\" data-text=\"Go!\">\n            \t    \n                <div class=\"creative-button-inner\">\n\n                    \n                    <span class=\"cretive-button-text\">Termin buchen<\/span>\n\n                                    <\/div>\n\t                        <\/a>\n        <\/div>\n        \t\t\t\t<\/div>\n\t\t\t\t<\/div>\n\t\t\t\t<\/div>\n\t\t\t\t<\/div>\n\t\t\t\t<\/div>\n\t\t\t\t<\/div>\n\t\t\t\t<\/div>\n\t\t\t\t<\/div>\n\t\t","protected":false},"excerpt":{"rendered":"<p>ProSite Studio ist eine renommierte Agentur, die sich auf die Erstellung von Websites f\u00fcr verschiedene Unternehmen spezialisiert hat. Unser Engagement liegt darin, Unternehmen durch modernes Webdesign zu pr\u00e4sentieren und eine benutzerfreundliche Erfahrung f\u00fcr Besucher und Kunden zu schaffen. Mit unserer Expertise und Kreativit\u00e4t entwickeln wir ma\u00dfgeschneiderte L\u00f6sungen, um die Online-Pr\u00e4senz unserer Kunden zu st\u00e4rken und [&hellip;]<\/p>\n","protected":false},"author":1,"featured_media":0,"parent":0,"menu_order":0,"comment_status":"closed","ping_status":"closed","template":"","meta":{"footnotes":""},"class_list":["post-44","page","type-page","status-publish","hentry"],"aioseo_notices":[],"_hostinger_reach_plugin_has_subscription_block":false,"_hostinger_reach_plugin_is_elementor":false,"_links":{"self":[{"href":"https:\/\/prositestudio.de\/home\/wp-json\/wp\/v2\/pages\/44","targetHints":{"allow":["GET"]}}],"collection":[{"href":"https:\/\/prositestudio.de\/home\/wp-json\/wp\/v2\/pages"}],"about":[{"href":"https:\/\/prositestudio.de\/home\/wp-json\/wp\/v2\/types\/page"}],"author":[{"embeddable":true,"href":"https:\/\/prositestudio.de\/home\/wp-json\/wp\/v2\/users\/1"}],"replies":[{"embeddable":true,"href":"https:\/\/prositestudio.de\/home\/wp-json\/wp\/v2\/comments?post=44"}],"version-history":[{"count":40,"href":"https:\/\/prositestudio.de\/home\/wp-json\/wp\/v2\/pages\/44\/revisions"}],"predecessor-version":[{"id":391,"href":"https:\/\/prositestudio.de\/home\/wp-json\/wp\/v2\/pages\/44\/revisions\/391"}],"wp:attachment":[{"href":"https:\/\/prositestudio.de\/home\/wp-json\/wp\/v2\/media?parent=44"}],"curies":[{"name":"wp","href":"https:\/\/api.w.org\/{rel}","templated":true}]}}