{"id":341,"date":"2026-01-13T08:49:36","date_gmt":"2026-01-13T08:49:36","guid":{"rendered":"https:\/\/prositestudio.de\/home\/?page_id=341"},"modified":"2026-01-13T09:56:23","modified_gmt":"2026-01-13T09:56:23","slug":"faq","status":"publish","type":"page","link":"https:\/\/prositestudio.de\/home\/faq","title":{"rendered":"FAQ"},"content":{"rendered":"\t\t<div data-elementor-type=\"wp-page\" data-elementor-id=\"341\" class=\"elementor elementor-341\" data-elementor-settings=\"{&quot;ha_cmc_init_switcher&quot;:&quot;no&quot;}\">\n\t\t\t\t<div class=\"elementor-element elementor-element-37bcb15 e-con-full e-flex e-con e-parent\" data-id=\"37bcb15\" data-element_type=\"container\" data-settings=\"{&quot;_ha_eqh_enable&quot;:false}\">\n\t\t<div class=\"elementor-element elementor-element-a958572 e-flex e-con-boxed e-con e-child\" data-id=\"a958572\" data-element_type=\"container\" data-settings=\"{&quot;_ha_eqh_enable&quot;:false}\">\n\t\t\t\t\t<div class=\"e-con-inner\">\n\t\t\t\t<div class=\"elementor-element elementor-element-1f86825 elementor-widget elementor-widget-heading\" data-id=\"1f86825\" data-element_type=\"widget\" data-widget_type=\"heading.default\">\n\t\t\t\t\t<h2 class=\"elementor-heading-title elementor-size-default\">FAQ<\/h2>\t\t\t\t<\/div>\n\t\t\t\t\t<\/div>\n\t\t\t\t<\/div>\n\t\t<div class=\"elementor-element elementor-element-a51cee3 e-flex e-con-boxed e-con e-child\" data-id=\"a51cee3\" data-element_type=\"container\" data-settings=\"{&quot;_ha_eqh_enable&quot;:false}\">\n\t\t\t\t\t<div class=\"e-con-inner\">\n\t\t\t\t<div class=\"elementor-element elementor-element-019e102 elementor-widget elementor-widget-text-editor\" data-id=\"019e102\" data-element_type=\"widget\" data-widget_type=\"text-editor.default\">\n\t\t\t\t\t\t\t\t\t<p>Auf dieser Seite finden Sie Antworten auf die h\u00e4ufigsten Fragen. Sollten Sie dar\u00fcber hinaus Informationen ben\u00f6tigen, kontaktieren Sie uns gerne.<\/p>\t\t\t\t\t\t\t\t<\/div>\n\t\t<div class=\"elementor-element elementor-element-ed733c8 e-con-full e-flex e-con e-child\" data-id=\"ed733c8\" data-element_type=\"container\" data-settings=\"{&quot;_ha_eqh_enable&quot;:false}\">\n\t\t\t\t<div class=\"elementor-element elementor-element-d112843 elementor-widget__width-initial elementor-widget elementor-widget-eael-creative-button\" data-id=\"d112843\" data-element_type=\"widget\" data-widget_type=\"eael-creative-button.default\">\n\t\t\t\t\t        <div class=\"eael-creative-button-wrapper\">\n\n            <a class=\"eael-creative-button eael-creative-button--wayra\" href=\"https:\/\/prositestudio.de\/home\/kontakt\" data-text=\"Go!\">\n            \t    \n                <div class=\"creative-button-inner\">\n\n                    \n                    <span class=\"cretive-button-text\">Kontakt<\/span>\n\n                                    <\/div>\n\t                        <\/a>\n        <\/div>\n        \t\t\t\t<\/div>\n\t\t\t\t<\/div>\n\t\t\t\t\t<\/div>\n\t\t\t\t<\/div>\n\t\t\t\t<\/div>\n\t\t<div class=\"elementor-element elementor-element-f902fe3 e-con-full e-flex e-con e-parent\" data-id=\"f902fe3\" data-element_type=\"container\" data-settings=\"{&quot;_ha_eqh_enable&quot;:false}\">\n\t\t<div class=\"elementor-element elementor-element-59c8f56 e-flex e-con-boxed e-con e-child\" data-id=\"59c8f56\" data-element_type=\"container\" data-settings=\"{&quot;_ha_eqh_enable&quot;:false}\">\n\t\t\t\t\t<div class=\"e-con-inner\">\n\t\t\t\t<div class=\"elementor-element elementor-element-c854f84 elementor-widget elementor-widget-ucaddon_content_accordion\" data-id=\"c854f84\" data-element_type=\"widget\" data-widget_type=\"ucaddon_content_accordion.default\">\n\t\t\t\t<div class=\"elementor-widget-container\">\n\t\t\t\t\t\n<!-- start Content Accordion -->\n\t\t<link id='font-awesome-css' href='https:\/\/prositestudio.de\/wp-content\/plugins\/unlimited-elements-for-elementor\/assets_libraries\/font-awesome6\/fontawesome-all.min.css' type='text\/css' rel='stylesheet' >\n\t\t<link id='font-awesome-4-shim-css' href='https:\/\/prositestudio.de\/wp-content\/plugins\/unlimited-elements-for-elementor\/assets_libraries\/font-awesome6\/fontawesome-v4-shims.min.css' type='text\/css' rel='stylesheet' >\n\n<style>\/* widget: Content Accordion *\/\n\n\n\n#uc_content_accordion_elementor_c854f84 *{\n  box-sizing: border-box;\n}\n\n#uc_content_accordion_elementor_c854f84 .ue_heading_title{\n  margin:0;\n  flex-grow:1;\n  display:flex;\n  flex-direction:row;\n}\n\n#uc_content_accordion_elementor_c854f84 .uc_container .uc-heading{\n\tdisplay:flex;\n    align-items:center;\n\toverflow:hidden;\n\tcursor:pointer;  \n}\n\n#uc_content_accordion_elementor_c854f84 .uc_container .uc_content{\n    display:none;\n}\n\n#uc_content_accordion_elementor_c854f84 .uc_container .uc-heading span.ue_accordion_icon{\n\tdisplay:flex;\n    align-items:center;\n   \tjustify-content:center;\n    flex-grow:0;\n    flex-shrink:0;\n}\n\n#uc_content_accordion_elementor_c854f84 .uc_ac_box.uc-item-active span.uc_dactive{\n\tdisplay:none;\n}\n\n#uc_content_accordion_elementor_c854f84 .uc_ac_box:not(.uc-item-active) span.uc_active{\n\tdisplay:none;\n}\n\n#uc_content_accordion_elementor_c854f84 span.ue_accordion_icon svg{\n  height:1em;\n  width:1em;\n}\n\n#uc_content_accordion_elementor_c854f84 .uc_container .uc_btn {\n    text-align: center;\n    display: inline-block;\n    text-decoration: none;\n    transition: ease-in-out all 0.25s;\n}\n\n#uc_content_accordion_elementor_c854f84 .ue-item-image img{\n  width:100%;\n  display:block;\n  object-fit:cover;\n}\n\n<\/style>\n\n<div class=\"uc_material_accordion  \"  id=\"uc_content_accordion_elementor_c854f84\"  data-name=\"\" data-scroll=\"off\" data-offset=\"0\" data-closeothers=\"true\" data-set-hash=\"false\" data-transition-duration=\"400\" >\n  <div class=\"uc_container uc-items-wrapper\">\n    \n\n\n\n\n<div id=\"#ue-tab1\" class=\"uc_ac_box elementor-repeater-item-6750964 \" style=\"background-color:;\">\n  <a href=\"javascript:void(0)\" class=\"uc-heading uc_trigger\" role=\"button\">\n    <span class=\"uc_dactive bbb ue_accordion_icon\"><i class='fas fa-plus'><\/i><\/span> \n    <span class=\"uc_active bbb ue_accordion_icon\"><i class='fas fa-minus'><\/i><\/span>\n    <div class=\"ue_heading_title\">Erstellt ihr individuelle Designs oder arbeitet ihr mit Templates?<\/div>\n  <\/a>\n  \n  <div class=\"uc_content\" >\n        \n      \n         \n                        \n              <div class=\"ue-item-title\"><\/div>\n      \n              <div class=\"ue-item-text\"><p>Jedes Unternehmen ist anders deshalb setzen wir nicht auf Designs von der Stange. Wir nehmen uns Zeit, Ihre W\u00fcnsche zu verstehen, und <strong>entwickeln ein individuelles Webdesign<\/strong>, das wirklich zu Ihnen passt.<\/p><\/div>\n      \n              \n      <\/div> \n<\/div>\n\n\n\n\n\n<div id=\"#ue-tab2\" class=\"uc_ac_box elementor-repeater-item-918bfb4 \" style=\"background-color:;\">\n  <a href=\"javascript:void(0)\" class=\"uc-heading uc_trigger\" role=\"button\">\n    <span class=\"uc_dactive bbb ue_accordion_icon\"><i class='fas fa-plus'><\/i><\/span> \n    <span class=\"uc_active bbb ue_accordion_icon\"><i class='fas fa-minus'><\/i><\/span>\n    <div class=\"ue_heading_title\">\u00dcbernehmt ihr auch Relaunches bestehender Websites?<\/div>\n  <\/a>\n  \n  <div class=\"uc_content\" >\n        \n      \n         \n                        \n              <div class=\"ue-item-title\"><\/div>\n      \n              <div class=\"ue-item-text\"><p><strong>Ja, gerne!<\/strong> Wir \u00fcbernehmen auch Relaunches bestehender Websites. Da Websites mit unterschiedlichen Systemen und Tools erstellt werden, pr\u00fcfen wir vorab, wie wir Ihre Seite optimal weiterentwickeln k\u00f6nnen. Schreiben Sie uns einfach und wir beraten Sie unverbindlich.<\/p><\/div>\n      \n              \n      <\/div> \n<\/div>\n\n\n\n\n\n<div id=\"#ue-tab3\" class=\"uc_ac_box elementor-repeater-item-0d70593 \" style=\"background-color:;\">\n  <a href=\"javascript:void(0)\" class=\"uc-heading uc_trigger\" role=\"button\">\n    <span class=\"uc_dactive bbb ue_accordion_icon\"><i class='fas fa-plus'><\/i><\/span> \n    <span class=\"uc_active bbb ue_accordion_icon\"><i class='fas fa-minus'><\/i><\/span>\n    <div class=\"ue_heading_title\">Wie lange dauert die Erstellung einer Website?<\/div>\n  <\/a>\n  \n  <div class=\"uc_content\" >\n        \n      \n         \n                        \n              <div class=\"ue-item-title\"><\/div>\n      \n              <div class=\"ue-item-text\"><p>Die Projektlaufzeit ist abh\u00e4ngig von Gr\u00f6\u00dfe und Anforderungen der Website. Unser Ziel ist es jedoch, innerhalb von <strong>etwa\u00a04 Wochen<\/strong> eine vollst\u00e4ndig fertige und funktionsf\u00e4hige Website zu realisieren. Bei umfangreicheren Projekten stimmen wir den Zeitrahmen transparent mit Ihnen ab.<\/p><\/div>\n      \n              \n      <\/div> \n<\/div>\n\n\n\n\n\n<div id=\"#ue-tab4\" class=\"uc_ac_box elementor-repeater-item-f102337 \" style=\"background-color:;\">\n  <a href=\"javascript:void(0)\" class=\"uc-heading uc_trigger\" role=\"button\">\n    <span class=\"uc_dactive bbb ue_accordion_icon\"><i class='fas fa-plus'><\/i><\/span> \n    <span class=\"uc_active bbb ue_accordion_icon\"><i class='fas fa-minus'><\/i><\/span>\n    <div class=\"ue_heading_title\">Ist die Website mobiloptimiert?<\/div>\n  <\/a>\n  \n  <div class=\"uc_content\" >\n        \n      \n         \n                        \n              <div class=\"ue-item-title\"><\/div>\n      \n              <div class=\"ue-item-text\"><p><strong>Ja!<\/strong> Unsere Websites passen sich automatisch an alle Bildschirmgr\u00f6\u00dfen an \u2013 egal ob Smartphone, Tablet oder Desktop. So erhalten Ihre Kund:innen \u00fcberall das bestm\u00f6gliche Nutzungserlebnis.<\/p><\/div>\n      \n              \n      <\/div> \n<\/div>\n\n\n\n\n\n<div id=\"#ue-tab5\" class=\"uc_ac_box elementor-repeater-item-9a341ac \" style=\"background-color:;\">\n  <a href=\"javascript:void(0)\" class=\"uc-heading uc_trigger\" role=\"button\">\n    <span class=\"uc_dactive bbb ue_accordion_icon\"><i class='fas fa-plus'><\/i><\/span> \n    <span class=\"uc_active bbb ue_accordion_icon\"><i class='fas fa-minus'><\/i><\/span>\n    <div class=\"ue_heading_title\">Was kostet eine Website bei euch?<\/div>\n  <\/a>\n  \n  <div class=\"uc_content\" >\n        \n      \n         \n                        \n              <div class=\"ue-item-title\"> <\/div>\n      \n              <div class=\"ue-item-text\"><p>Uns ist es wichtig, auch kleinen Unternehmen einen starken Webauftritt zu erm\u00f6glichen. Deshalb bieten wir Websites bereits <strong data-start=\"670\" data-end=\"691\">ab 500\u20ac einmalig<\/strong> an. Der genaue Preis richtet sich nach Ihren individuellen Anforderungen. Schreibt uns gerne an und wir besprechen alles im Detail!<\/p><\/div>\n      \n              \n      <\/div> \n<\/div>\n\n\n\n\n\n<div id=\"#ue-tab6\" class=\"uc_ac_box elementor-repeater-item-a95c4ae \" style=\"background-color:;\">\n  <a href=\"javascript:void(0)\" class=\"uc-heading uc_trigger\" role=\"button\">\n    <span class=\"uc_dactive bbb ue_accordion_icon\"><i class='fas fa-plus'><\/i><\/span> \n    <span class=\"uc_active bbb ue_accordion_icon\"><i class='fas fa-minus'><\/i><\/span>\n    <div class=\"ue_heading_title\">Ist die Website suchmaschinenoptimiert (SEO)?<\/div>\n  <\/a>\n  \n  <div class=\"uc_content\" >\n        \n      \n         \n                        \n              <div class=\"ue-item-title\"><\/div>\n      \n              <div class=\"ue-item-text\"><p><strong>Ja!<\/strong> Wir ber\u00fccksichtigen SEO von Anfang an, damit Ihre Website in Suchmaschinen gefunden wird. So k\u00f6nnen neue Kunden auf Sie aufmerksam werden \u2013 selbst wenn sie Sie vorher noch nicht kannten. F\u00fcr tiefergehende Optimierungen bieten wir individuelle SEO-Pakete an.<\/p><\/div>\n      \n              \n      <\/div> \n<\/div>\n\n\n\n\n\n<div id=\"#ue-tab7\" class=\"uc_ac_box elementor-repeater-item-2e24321 \" style=\"background-color:;\">\n  <a href=\"javascript:void(0)\" class=\"uc-heading uc_trigger\" role=\"button\">\n    <span class=\"uc_dactive bbb ue_accordion_icon\"><i class='fas fa-plus'><\/i><\/span> \n    <span class=\"uc_active bbb ue_accordion_icon\"><i class='fas fa-minus'><\/i><\/span>\n    <div class=\"ue_heading_title\">Bietet ihr Wartung und Updates an?<\/div>\n  <\/a>\n  \n  <div class=\"uc_content\" >\n        \n      \n         \n                        \n              <div class=\"ue-item-title\"><\/div>\n      \n              <div class=\"ue-item-text\"><blockquote data-start=\"607\" data-end=\"805\"><p data-start=\"609\" data-end=\"805\"><strong>Selbstverst\u00e4ndlich k\u00fcmmern wir uns um die Wartung und Aktualisierung<\/strong> Ihrer Website. Auf Wunsch nehmen wir \u00c4nderungen und Updates z\u00fcgig vor, sodass Ihre Website stets modern und aktuell bleibt.<\/p><\/blockquote><\/div>\n      \n              \n      <\/div> \n<\/div>\n\n\n\n\n\n<div id=\"#ue-tab8\" class=\"uc_ac_box elementor-repeater-item-7aa5bc5 \" style=\"background-color:;\">\n  <a href=\"javascript:void(0)\" class=\"uc-heading uc_trigger\" role=\"button\">\n    <span class=\"uc_dactive bbb ue_accordion_icon\"><i class='fas fa-plus'><\/i><\/span> \n    <span class=\"uc_active bbb ue_accordion_icon\"><i class='fas fa-minus'><\/i><\/span>\n    <div class=\"ue_heading_title\">Gibt es Schulungen oder Anleitungen f\u00fcr die Nutzung?<\/div>\n  <\/a>\n  \n  <div class=\"uc_content\" >\n        \n      \n         \n                        \n              <div class=\"ue-item-title\"><\/div>\n      \n              <div class=\"ue-item-text\"><p><strong>Nat\u00fcrlich unterst\u00fctzen wir Sie gerne mit<\/strong> <strong data-start=\"535\" data-end=\"580\">individuellen Schulungen oder Anleitungen<\/strong>, damit Sie Ihre ma\u00dfgeschneiderte Website sicher und einfach bedienen k\u00f6nnen.<\/p><\/div>\n      \n              \n      <\/div> \n<\/div>\n\n  <\/div>\n<\/div>\n\n\n<!-- end Content Accordion -->\t\t\t\t<\/div>\n\t\t\t\t<\/div>\n\t\t\t\t\t<\/div>\n\t\t\t\t<\/div>\n\t\t\t\t<\/div>\n\t\t<div class=\"elementor-element elementor-element-5c6ff68 e-con-full e-flex e-con e-parent\" data-id=\"5c6ff68\" data-element_type=\"container\" data-settings=\"{&quot;_ha_eqh_enable&quot;:false}\">\n\t\t<div class=\"elementor-element elementor-element-9d44eca e-flex e-con-boxed e-con e-child\" data-id=\"9d44eca\" data-element_type=\"container\" data-settings=\"{&quot;_ha_eqh_enable&quot;:false}\">\n\t\t\t\t\t<div class=\"e-con-inner\">\n\t\t\t\t<div class=\"elementor-element elementor-element-4e5814f elementor-widget elementor-widget-heading\" data-id=\"4e5814f\" data-element_type=\"widget\" data-widget_type=\"heading.default\">\n\t\t\t\t\t<h2 class=\"elementor-heading-title elementor-size-default\">Ihre Frage nicht gefunden?<\/h2>\t\t\t\t<\/div>\n\t\t\t\t\t<\/div>\n\t\t\t\t<\/div>\n\t\t<div class=\"elementor-element elementor-element-5fe4a62 e-flex e-con-boxed e-con e-child\" data-id=\"5fe4a62\" data-element_type=\"container\" data-settings=\"{&quot;_ha_eqh_enable&quot;:false}\">\n\t\t\t\t\t<div class=\"e-con-inner\">\n\t\t\t\t<div class=\"elementor-element elementor-element-6e71419 elementor-widget elementor-widget-text-editor\" data-id=\"6e71419\" data-element_type=\"widget\" data-widget_type=\"text-editor.default\">\n\t\t\t\t\t\t\t\t\t<p>Kontaktieren Sie uns gerne! Wir bem\u00fchen uns, Ihnen so schnell wie m\u00f6glich die passende Antwort zu liefern.<\/p>\t\t\t\t\t\t\t\t<\/div>\n\t\t\t\t\t<\/div>\n\t\t\t\t<\/div>\n\t\t<div class=\"elementor-element elementor-element-89f593b e-flex e-con-boxed e-con e-child\" data-id=\"89f593b\" data-element_type=\"container\" data-settings=\"{&quot;_ha_eqh_enable&quot;:false}\">\n\t\t\t\t\t<div class=\"e-con-inner\">\n\t\t\t\t<div class=\"elementor-element elementor-element-8dbd284 elementor-widget__width-initial elementor-widget elementor-widget-eael-creative-button\" data-id=\"8dbd284\" data-element_type=\"widget\" data-widget_type=\"eael-creative-button.default\">\n\t\t\t\t\t        <div class=\"eael-creative-button-wrapper\">\n\n            <a class=\"eael-creative-button eael-creative-button--wayra\" href=\"https:\/\/prositestudio.de\/home\/kontakt\" data-text=\"Go!\">\n            \t    \n                <div class=\"creative-button-inner\">\n\n                    \n                    <span class=\"cretive-button-text\">Kontakt<\/span>\n\n                                    <\/div>\n\t                        <\/a>\n        <\/div>\n        \t\t\t\t<\/div>\n\t\t\t\t\t<\/div>\n\t\t\t\t<\/div>\n\t\t\t\t<\/div>\n\t\t\t\t<\/div>\n\t\t","protected":false},"excerpt":{"rendered":"<p>FAQ Auf dieser Seite finden Sie Antworten auf die h\u00e4ufigsten Fragen. Sollten Sie dar\u00fcber hinaus Informationen ben\u00f6tigen, kontaktieren Sie uns gerne. Kontakt Erstellt ihr individuelle Designs oder arbeitet ihr mit Templates? Jedes Unternehmen ist anders deshalb setzen wir nicht auf Designs von der Stange. Wir nehmen uns Zeit, Ihre W\u00fcnsche zu verstehen, und entwickeln ein [&hellip;]<\/p>\n","protected":false},"author":1,"featured_media":0,"parent":0,"menu_order":0,"comment_status":"closed","ping_status":"closed","template":"","meta":{"footnotes":""},"class_list":["post-341","page","type-page","status-publish","hentry"],"aioseo_notices":[],"_hostinger_reach_plugin_has_subscription_block":false,"_hostinger_reach_plugin_is_elementor":false,"_links":{"self":[{"href":"https:\/\/prositestudio.de\/home\/wp-json\/wp\/v2\/pages\/341","targetHints":{"allow":["GET"]}}],"collection":[{"href":"https:\/\/prositestudio.de\/home\/wp-json\/wp\/v2\/pages"}],"about":[{"href":"https:\/\/prositestudio.de\/home\/wp-json\/wp\/v2\/types\/page"}],"author":[{"embeddable":true,"href":"https:\/\/prositestudio.de\/home\/wp-json\/wp\/v2\/users\/1"}],"replies":[{"embeddable":true,"href":"https:\/\/prositestudio.de\/home\/wp-json\/wp\/v2\/comments?post=341"}],"version-history":[{"count":25,"href":"https:\/\/prositestudio.de\/home\/wp-json\/wp\/v2\/pages\/341\/revisions"}],"predecessor-version":[{"id":371,"href":"https:\/\/prositestudio.de\/home\/wp-json\/wp\/v2\/pages\/341\/revisions\/371"}],"wp:attachment":[{"href":"https:\/\/prositestudio.de\/home\/wp-json\/wp\/v2\/media?parent=341"}],"curies":[{"name":"wp","href":"https:\/\/api.w.org\/{rel}","templated":true}]}}